{"id":3801,"date":"2025-06-01T07:07:11","date_gmt":"2025-06-01T07:07:11","guid":{"rendered":"https:\/\/www.radiustheme.com\/demo\/wordpress\/themes\/kariez\/?page_id=3801"},"modified":"2025-08-20T17:44:42","modified_gmt":"2025-08-20T17:44:42","slug":"qui-sommes-nous","status":"publish","type":"page","link":"https:\/\/sokashipping.com\/fr\/qui-sommes-nous\/","title":{"rendered":"Qui sommes-nous?"},"content":{"rendered":"\t\t<div data-elementor-type=\"wp-page\" data-elementor-id=\"3801\" class=\"elementor elementor-3801\">\n\t\t\t\t<div class=\"elementor-element elementor-element-e54fd18 about-box-1 e-flex e-con-boxed rt-parallax-bg-no e-con e-parent\" data-id=\"e54fd18\" data-element_type=\"container\" data-settings=\"{&quot;background_background&quot;:&quot;classic&quot;}\">\n\t\t\t\t\t<div class=\"e-con-inner\">\n\t\t<div class=\"elementor-element elementor-element-6d05427 e-con-full e-flex rt-parallax-bg-no e-con e-child\" data-id=\"6d05427\" data-element_type=\"container\">\n\t\t<div class=\"elementor-element elementor-element-1291033 e-con-full e-flex rt-parallax-bg-no e-con e-child\" data-id=\"1291033\" data-element_type=\"container\">\n\t\t\t\t<div class=\"elementor-element elementor-element-66ad8a3 elementor-widget elementor-widget-rt-image\" data-id=\"66ad8a3\" data-element_type=\"widget\" data-widget_type=\"rt-image.default\">\n\t\t\t\t<div class=\"elementor-widget-container\">\n\t\t\t\t\t\r\n<div class=\"rt-image-layout rt-image-layout-3 \">\r\n\r\n\t\r\n\r\n\t\r\n\t        <div class=\"rt-image wow-off fadeInLeft\" data-wow-delay=\"200ms\" data-wow-duration=\"1200ms\">\r\n            <div class=\"has-animation img-scale-animation\">\r\n\t\t\t\t\t\t\t\t\t<img fetchpriority=\"high\" decoding=\"async\" width=\"1920\" height=\"1320\" src=\"https:\/\/sokashipping.com\/fr\/wp-content\/uploads\/2025\/07\/soka-hall.jpg\" class=\"attachment-full size-full\" alt=\"\" srcset=\"https:\/\/sokashipping.com\/fr\/wp-content\/uploads\/2025\/07\/soka-hall.jpg 1920w, https:\/\/sokashipping.com\/fr\/wp-content\/uploads\/2025\/07\/soka-hall-300x206.jpg 300w, https:\/\/sokashipping.com\/fr\/wp-content\/uploads\/2025\/07\/soka-hall-1024x704.jpg 1024w, https:\/\/sokashipping.com\/fr\/wp-content\/uploads\/2025\/07\/soka-hall-768x528.jpg 768w, https:\/\/sokashipping.com\/fr\/wp-content\/uploads\/2025\/07\/soka-hall-1536x1056.jpg 1536w\" sizes=\"(max-width: 1920px) 100vw, 1920px\" \/>\t\t\t\t\t            <\/div>\r\n\r\n        <\/div>\r\n\t<\/div>\t\t\t\t<\/div>\n\t\t\t\t<\/div>\n\t\t\t\t<div class=\"elementor-element elementor-element-737ce20 about-home-1-img elementor-invisible elementor-widget elementor-widget-rt-image\" data-id=\"737ce20\" data-element_type=\"widget\" data-widget_type=\"rt-image.default\">\n\t\t\t\t<div class=\"elementor-widget-container\">\n\t\t\t\t\t\r\n<div class=\"rt-image-layout rt-image-layout-2 right\">\r\n\r\n\t\r\n\r\n\t        <div class=\"rt-image wow bounceInUp\" data-wow-delay=\"200ms\" data-wow-duration=\"1200ms\" style=\"position: absolute; z-index: 1\">\r\n            <span class=\"rt-img default\">\r\n                                    <img decoding=\"async\" width=\"832\" height=\"794\" src=\"https:\/\/sokashipping.com\/fr\/wp-content\/uploads\/2025\/07\/Design-sans-titre-16.jpg\" class=\"attachment-full size-full\" alt=\"\" srcset=\"https:\/\/sokashipping.com\/fr\/wp-content\/uploads\/2025\/07\/Design-sans-titre-16.jpg 832w, https:\/\/sokashipping.com\/fr\/wp-content\/uploads\/2025\/07\/Design-sans-titre-16-300x286.jpg 300w, https:\/\/sokashipping.com\/fr\/wp-content\/uploads\/2025\/07\/Design-sans-titre-16-768x733.jpg 768w\" sizes=\"(max-width: 832px) 100vw, 832px\" \/>                                <\/span>\r\n        <\/div>\r\n\t\r\n\t<\/div>\t\t\t\t<\/div>\n\t\t\t\t<\/div>\n\t\t\t\t<\/div>\n\t\t<div class=\"elementor-element elementor-element-e395981 e-con-full e-flex rt-parallax-bg-no e-con e-child\" data-id=\"e395981\" data-element_type=\"container\">\n\t\t\t\t<div class=\"elementor-element elementor-element-2701eeb elementor-invisible elementor-widget elementor-widget-rt-title\" data-id=\"2701eeb\" data-element_type=\"widget\" data-widget_type=\"rt-title.default\">\n\t\t\t\t<div class=\"elementor-widget-container\">\n\t\t\t\t\t<div class=\"section-title-wrapper section-title-wrapper-layout-1\">\r\n\t<div class=\"title-inner-wrapper\">\r\n\t\t<!--Top Sub Title-->\r\n\t\t\t\t\t<div class=\"top-sub-title-wrap wow-off\t\t\tfadeInUp\" data-wow-delay=\"200ms\" data-wow-duration=\"1200ms\">\r\n                <div class=\"top-sub-title has-animation default\">\r\n\t                                        <span class=\"round-subtitle-shape\"><\/span>\r\n\t                                    A propos de nous                <\/div>\r\n\t\t\t<\/div>\r\n\t\t\r\n\t\t<!--Main Title-->\r\n\t\t        <div class=\"wow-off fadeInUp\" data-wow-delay=\"400ms\" data-wow-duration=\"1200ms\">\r\n            <h2 class=\"main-title\">\r\n            Soka Shipping &amp; Logistics         <\/h2>\r\n        <\/div>\r\n        \r\n        <!--Description-->\r\n                    <div class=\"description wow-off fadeInUp\" data-wow-delay=\"600ms\" data-wow-duration=\"1200ms\"><p>Soka Shipping and Logistics (SSL), une agence maritime ind\u00e9pendante offrant des services d'exp\u00e9dition dans les ports d'Afrique de l'Ouest. Nous fournissons un service d'agence de haute qualit\u00e9 au prix le plus comp\u00e9titif du march\u00e9. Notre objectif principal est la satisfaction totale du client tout en menant nos activit\u00e9s.<\/p><p>Nous nous engageons \u00e0 r\u00e9pondre aux exigences des armateurs, affr\u00e9teurs, op\u00e9rateurs et gestionnaires, et disposons des comp\u00e9tences et des ressources n\u00e9cessaires pour offrir une assistance et des services de haut niveau \u00e0 une gamme diversifi\u00e9e de navires, y compris les vraquiers, les cargos g\u00e9n\u00e9raux et les navires de levage lourd.<\/p><p>Pour atteindre ces objectifs, nos employ\u00e9s exp\u00e9riment\u00e9s et professionnels travaillent 24h\/24 et 7j\/7. Nous entretenons d'excellentes relations avec les autorit\u00e9s portuaires, les douanes et toutes les parties prenantes afin d'offrir le meilleur service \u00e0 nos clients.<\/p><\/div>\r\n                            <ul class=\"feature-list list-layout-1 default\">\r\n                                    <li class=\"wow-off fadeInUp\" data-wow-delay=\"200ms\" data-wow-duration=\"1200ms\"><span class=\"icon\"><i class=\" icon-check\"><\/i><\/span>Agence compl\u00e8te<\/li>\r\n                                        <li class=\"wow-off fadeInUp\" data-wow-delay=\"400ms\" data-wow-duration=\"1200ms\"><span class=\"icon\"><i class=\" icon-check\"><\/i><\/span>Repr\u00e9sentation protectrice<\/li>\r\n                                        <li class=\"wow-off fadeInUp\" data-wow-delay=\"600ms\" data-wow-duration=\"1200ms\"><span class=\"icon\"><i class=\" icon-check\"><\/i><\/span>Services aux navires<\/li>\r\n                                        <li class=\"wow-off fadeInUp\" data-wow-delay=\"800ms\" data-wow-duration=\"1200ms\"><span class=\"icon\"><i class=\" icon-check\"><\/i><\/span>Enqu\u00eate sur les cargaisons<\/li>\r\n                                        <li class=\"wow-off fadeInUp\" data-wow-delay=\"1000ms\" data-wow-duration=\"1200ms\"><span class=\"icon\"><i class=\" icon-check\"><\/i><\/span>Camionnage \/ Affr\u00e8tement routier<\/li>\r\n                                <\/ul>\r\n        \r\n    <\/div>\r\n<\/div>\t\t\t\t<\/div>\n\t\t\t\t<\/div>\n\t\t\t\t<\/div>\n\t\t\t\t<\/div>\n\t\t\t\t\t<\/div>\n\t\t\t\t<\/div>\n\t\t<div class=\"elementor-element elementor-element-4b88fa9 e-flex e-con-boxed rt-parallax-bg-no e-con e-parent\" data-id=\"4b88fa9\" data-element_type=\"container\">\n\t\t\t\t\t<div class=\"e-con-inner\">\n\t\t\t\t\t<\/div>\n\t\t\t\t<\/div>\n\t\t<div class=\"elementor-element elementor-element-140fe1b e-con-full e-flex rt-parallax-bg-no e-con e-parent\" data-id=\"140fe1b\" data-element_type=\"container\">\n\t\t<div class=\"elementor-element elementor-element-1134c77 e-con-full e-flex rt-parallax-bg-no e-con e-child\" data-id=\"1134c77\" data-element_type=\"container\">\n\t\t\t\t<div class=\"elementor-element elementor-element-045aeac elementor-invisible elementor-widget elementor-widget-rt-image\" data-id=\"045aeac\" data-element_type=\"widget\" data-widget_type=\"rt-image.default\">\n\t\t\t\t<div class=\"elementor-widget-container\">\n\t\t\t\t\t\r\n<div class=\"rt-image-layout rt-image-layout-2 \">\r\n\r\n\t\r\n\r\n\t        <div class=\"rt-image wow-off fadeInUp\" data-wow-delay=\"200ms\" data-wow-duration=\"1200ms\" style=\"position: relative; z-index: 1\">\r\n            <span class=\"rt-img default\">\r\n                                    <img decoding=\"async\" width=\"960\" height=\"1200\" src=\"https:\/\/sokashipping.com\/fr\/wp-content\/uploads\/2025\/07\/Design-sans-titre-10.jpg\" class=\"attachment-full size-full\" alt=\"\" srcset=\"https:\/\/sokashipping.com\/fr\/wp-content\/uploads\/2025\/07\/Design-sans-titre-10.jpg 960w, https:\/\/sokashipping.com\/fr\/wp-content\/uploads\/2025\/07\/Design-sans-titre-10-240x300.jpg 240w, https:\/\/sokashipping.com\/fr\/wp-content\/uploads\/2025\/07\/Design-sans-titre-10-819x1024.jpg 819w, https:\/\/sokashipping.com\/fr\/wp-content\/uploads\/2025\/07\/Design-sans-titre-10-768x960.jpg 768w\" sizes=\"(max-width: 960px) 100vw, 960px\" \/>                                <\/span>\r\n        <\/div>\r\n\t\r\n\t<\/div>\t\t\t\t<\/div>\n\t\t\t\t<\/div>\n\t\t\t\t<div class=\"elementor-element elementor-element-bad858a elementor-widget elementor-widget-rt-image\" data-id=\"bad858a\" data-element_type=\"widget\" data-widget_type=\"rt-image.default\">\n\t\t\t\t<div class=\"elementor-widget-container\">\n\t\t\t\t\t\r\n<div class=\"rt-image-layout rt-image-layout-1 \">\r\n\r\n\t        <div class=\"rt-image wow-off fadeInUp\" data-wow-delay=\"200ms\" data-wow-duration=\"1200ms\">\r\n                                <img loading=\"lazy\" decoding=\"async\" width=\"960\" height=\"1200\" src=\"https:\/\/sokashipping.com\/fr\/wp-content\/uploads\/2025\/07\/Design-sans-titre-11.jpg\" class=\"attachment-full size-full\" alt=\"\" srcset=\"https:\/\/sokashipping.com\/fr\/wp-content\/uploads\/2025\/07\/Design-sans-titre-11.jpg 960w, https:\/\/sokashipping.com\/fr\/wp-content\/uploads\/2025\/07\/Design-sans-titre-11-240x300.jpg 240w, https:\/\/sokashipping.com\/fr\/wp-content\/uploads\/2025\/07\/Design-sans-titre-11-819x1024.jpg 819w, https:\/\/sokashipping.com\/fr\/wp-content\/uploads\/2025\/07\/Design-sans-titre-11-768x960.jpg 768w\" sizes=\"(max-width: 960px) 100vw, 960px\" \/>                            <\/div>\r\n    \r\n\r\n\t\r\n\t<\/div>\t\t\t\t<\/div>\n\t\t\t\t<\/div>\n\t\t\t\t<div class=\"elementor-element elementor-element-3a51b47 elementor-widget elementor-widget-rt-image\" data-id=\"3a51b47\" data-element_type=\"widget\" data-widget_type=\"rt-image.default\">\n\t\t\t\t<div class=\"elementor-widget-container\">\n\t\t\t\t\t\r\n<div class=\"rt-image-layout rt-image-layout-1 \">\r\n\r\n\t        <div class=\"rt-image wow-off fadeInUp\" data-wow-delay=\"200ms\" data-wow-duration=\"1200ms\">\r\n                                <img loading=\"lazy\" decoding=\"async\" width=\"960\" height=\"1200\" src=\"https:\/\/sokashipping.com\/fr\/wp-content\/uploads\/2025\/07\/Design-sans-titre-13.jpg\" class=\"attachment-full size-full\" alt=\"\" srcset=\"https:\/\/sokashipping.com\/fr\/wp-content\/uploads\/2025\/07\/Design-sans-titre-13.jpg 960w, https:\/\/sokashipping.com\/fr\/wp-content\/uploads\/2025\/07\/Design-sans-titre-13-240x300.jpg 240w, https:\/\/sokashipping.com\/fr\/wp-content\/uploads\/2025\/07\/Design-sans-titre-13-819x1024.jpg 819w, https:\/\/sokashipping.com\/fr\/wp-content\/uploads\/2025\/07\/Design-sans-titre-13-768x960.jpg 768w\" sizes=\"(max-width: 960px) 100vw, 960px\" \/>                            <\/div>\r\n    \r\n\r\n\t\r\n\t<\/div>\t\t\t\t<\/div>\n\t\t\t\t<\/div>\n\t\t\t\t<div class=\"elementor-element elementor-element-46e06f5 elementor-widget elementor-widget-rt-image\" data-id=\"46e06f5\" data-element_type=\"widget\" data-widget_type=\"rt-image.default\">\n\t\t\t\t<div class=\"elementor-widget-container\">\n\t\t\t\t\t\r\n<div class=\"rt-image-layout rt-image-layout-1 \">\r\n\r\n\t        <div class=\"rt-image wow-off fadeInUp\" data-wow-delay=\"200ms\" data-wow-duration=\"1200ms\">\r\n                                <img loading=\"lazy\" decoding=\"async\" width=\"960\" height=\"1200\" src=\"https:\/\/sokashipping.com\/fr\/wp-content\/uploads\/2025\/07\/Design-sans-titre-12.jpg\" class=\"attachment-full size-full\" alt=\"\" srcset=\"https:\/\/sokashipping.com\/fr\/wp-content\/uploads\/2025\/07\/Design-sans-titre-12.jpg 960w, https:\/\/sokashipping.com\/fr\/wp-content\/uploads\/2025\/07\/Design-sans-titre-12-240x300.jpg 240w, https:\/\/sokashipping.com\/fr\/wp-content\/uploads\/2025\/07\/Design-sans-titre-12-819x1024.jpg 819w, https:\/\/sokashipping.com\/fr\/wp-content\/uploads\/2025\/07\/Design-sans-titre-12-768x960.jpg 768w\" sizes=\"(max-width: 960px) 100vw, 960px\" \/>                            <\/div>\r\n    \r\n\r\n\t\r\n\t<\/div>\t\t\t\t<\/div>\n\t\t\t\t<\/div>\n\t\t\t\t<\/div>\n\t\t\t\t<\/div>\n\t\t<div class=\"elementor-element elementor-element-1d158d9 e-con-full e-flex rt-parallax-bg-no e-con e-parent\" data-id=\"1d158d9\" data-element_type=\"container\">\n\t\t\t\t<div class=\"elementor-element elementor-element-46bb293 elementor-invisible elementor-widget elementor-widget-rt-title\" data-id=\"46bb293\" data-element_type=\"widget\" data-widget_type=\"rt-title.default\">\n\t\t\t\t<div class=\"elementor-widget-container\">\n\t\t\t\t\t<div class=\"section-title-wrapper section-title-wrapper-layout-1\">\r\n\t<div class=\"title-inner-wrapper\">\r\n\t\t<!--Top Sub Title-->\r\n\t\t\r\n\t\t<!--Main Title-->\r\n\t\t        <div class=\"wow-off fadeInUp\" data-wow-delay=\"400ms\" data-wow-duration=\"1200ms\">\r\n            <h2 class=\"main-title\">\r\n            Nos Partenaires        <\/h2>\r\n        <\/div>\r\n        \r\n        <!--Description-->\r\n                \r\n    <\/div>\r\n<\/div>\t\t\t\t<\/div>\n\t\t\t\t<\/div>\n\t\t\t\t<div class=\"elementor-element elementor-element-159b6be elementor-widget elementor-widget-image-carousel\" data-id=\"159b6be\" data-element_type=\"widget\" data-settings=\"{&quot;slides_to_show&quot;:&quot;5&quot;,&quot;navigation&quot;:&quot;none&quot;,&quot;autoplay&quot;:&quot;yes&quot;,&quot;pause_on_hover&quot;:&quot;yes&quot;,&quot;pause_on_interaction&quot;:&quot;yes&quot;,&quot;autoplay_speed&quot;:5000,&quot;infinite&quot;:&quot;yes&quot;,&quot;speed&quot;:500}\" data-widget_type=\"image-carousel.default\">\n\t\t\t\t<div class=\"elementor-widget-container\">\n\t\t\t\t\t\t\t<div class=\"elementor-image-carousel-wrapper swiper\" role=\"region\" aria-roledescription=\"carousel\" aria-label=\"Carrousel d\u2019images\" dir=\"ltr\">\n\t\t\t<div class=\"elementor-image-carousel swiper-wrapper\" aria-live=\"off\">\n\t\t\t\t\t\t\t\t<div class=\"swiper-slide\" role=\"group\" aria-roledescription=\"slide\" aria-label=\"1 sur 5\"><figure class=\"swiper-slide-inner\"><img decoding=\"async\" class=\"swiper-slide-image\" src=\"https:\/\/sokashipping.com\/fr\/wp-content\/uploads\/2025\/06\/Logo-Port-de-Lome-150x150.png\" alt=\"Logo-Port de Lom\u00e9\" \/><\/figure><\/div><div class=\"swiper-slide\" role=\"group\" aria-roledescription=\"slide\" aria-label=\"2 sur 5\"><figure class=\"swiper-slide-inner\"><img decoding=\"async\" class=\"swiper-slide-image\" src=\"https:\/\/sokashipping.com\/fr\/wp-content\/uploads\/2025\/06\/Logo-Port-Cotonou-150x150.png\" alt=\"Logo-Port Cotonou\" \/><\/figure><\/div><div class=\"swiper-slide\" role=\"group\" aria-roledescription=\"slide\" aria-label=\"3 sur 5\"><figure class=\"swiper-slide-inner\"><img decoding=\"async\" class=\"swiper-slide-image\" src=\"https:\/\/sokashipping.com\/fr\/wp-content\/uploads\/2025\/06\/Logo-Port-Abidjan-150x150.png\" alt=\"Logo-Port Abidjan\" \/><\/figure><\/div><div class=\"swiper-slide\" role=\"group\" aria-roledescription=\"slide\" aria-label=\"4 sur 5\"><figure class=\"swiper-slide-inner\"><img decoding=\"async\" class=\"swiper-slide-image\" src=\"https:\/\/sokashipping.com\/fr\/wp-content\/uploads\/2025\/06\/logo-OBT-150x150.png\" alt=\"logo-OBT\" \/><\/figure><\/div><div class=\"swiper-slide\" role=\"group\" aria-roledescription=\"slide\" aria-label=\"5 sur 5\"><figure class=\"swiper-slide-inner\"><img decoding=\"async\" class=\"swiper-slide-image\" src=\"https:\/\/sokashipping.com\/fr\/wp-content\/uploads\/2025\/06\/Logo-Ghana-Port-150x150.png\" alt=\"Logo-Ghana Port\" \/><\/figure><\/div>\t\t\t<\/div>\n\t\t\t\t\t\t\t\n\t\t\t\t\t\t\t\t\t<\/div>\n\t\t\t\t\t\t<\/div>\n\t\t\t\t<\/div>\n\t\t\t\t<\/div>\n\t\t<div class=\"elementor-element elementor-element-9bd4c8a e-flex e-con-boxed rt-parallax-bg-no e-con e-parent\" data-id=\"9bd4c8a\" data-element_type=\"container\" data-settings=\"{&quot;background_background&quot;:&quot;classic&quot;}\">\n\t\t\t\t\t<div class=\"e-con-inner\">\n\t\t\t\t<div class=\"elementor-element elementor-element-6c6b361 elementor-invisible elementor-widget elementor-widget-rt-title\" data-id=\"6c6b361\" data-element_type=\"widget\" data-widget_type=\"rt-title.default\">\n\t\t\t\t<div class=\"elementor-widget-container\">\n\t\t\t\t\t<div class=\"section-title-wrapper section-title-wrapper-layout-1\">\r\n\t<div class=\"title-inner-wrapper\">\r\n\t\t<!--Top Sub Title-->\r\n\t\t\r\n\t\t<!--Main Title-->\r\n\t\t        <div class=\"wow-off fadeInUp\" data-wow-delay=\"400ms\" data-wow-duration=\"1200ms\">\r\n            <h2 class=\"main-title\">\r\n            Pourquoi nous choisir ?        <\/h2>\r\n        <\/div>\r\n        \r\n        <!--Description-->\r\n                    <div class=\"description wow-off fadeInUp\" data-wow-delay=\"600ms\" data-wow-duration=\"1200ms\"><p>Nos employ\u00e9s exp\u00e9riment\u00e9s et professionnels travaillent 24h\/24, 7j\/7. Nous entretenons d\u2019excellentes relations avec les autorit\u00e9s portuaires, les douanes et tous les acteurs impliqu\u00e9s pour fournir le meilleur service \u00e0 nos clients.<\/p><\/div>\r\n                \r\n    <\/div>\r\n<\/div>\t\t\t\t<\/div>\n\t\t\t\t<\/div>\n\t\t\t\t<div class=\"elementor-element elementor-element-3798ed8 elementor-invisible elementor-widget elementor-widget-rt-button\" data-id=\"3798ed8\" data-element_type=\"widget\" data-widget_type=\"rt-button.default\">\n\t\t\t\t<div class=\"elementor-widget-container\">\n\t\t\t\t\t\r\n<div class=\"rt-button wow-off fadeInUp\" data-wow-delay=\"200ms\" data-wow-duration=\"1200ms\">\r\n\t        <a class=\"btn button-4 \" href=\"https:\/\/sokashipping.com\/fr\/contact\/\" aria-label=\"button link\">\r\n            <span class=\"button-text\">Nous Joindre<\/span>\r\n            <span class=\"btn-round-shape\">\r\n                <i class=\" icon-arrow-right\"><\/i>            <\/span>\r\n        <\/a>\r\n\t<\/div>\t\t\t\t<\/div>\n\t\t\t\t<\/div>\n\t\t\t\t\t<\/div>\n\t\t\t\t<\/div>\n\t\t<div class=\"elementor-element elementor-element-cd4ab4b e-flex e-con-boxed rt-parallax-bg-no e-con e-parent\" data-id=\"cd4ab4b\" data-element_type=\"container\">\n\t\t\t\t\t<div class=\"e-con-inner\">\n\t\t\t\t<div class=\"elementor-element elementor-element-5bdc050 elementor-widget elementor-widget-spacer\" data-id=\"5bdc050\" data-element_type=\"widget\" data-widget_type=\"spacer.default\">\n\t\t\t\t<div class=\"elementor-widget-container\">\n\t\t\t\t\t\t\t<div class=\"elementor-spacer\">\n\t\t\t<div class=\"elementor-spacer-inner\"><\/div>\n\t\t<\/div>\n\t\t\t\t\t\t<\/div>\n\t\t\t\t<\/div>\n\t\t\t\t\t<\/div>\n\t\t\t\t<\/div>\n\t\t\t\t<\/div>\n\t\t","protected":false},"excerpt":{"rendered":"<p>A propos de nous Soka Shipping &amp; Logistics Soka Shipping and Logistics (SSL), une agence maritime ind\u00e9pendante offrant des services d&rsquo;exp\u00e9dition dans les ports d&rsquo;Afrique de l&rsquo;Ouest. Nous fournissons un service d&rsquo;agence de haute qualit\u00e9 au prix le plus comp\u00e9titif du march\u00e9. Notre objectif principal est la satisfaction totale du client tout en menant nos [&hellip;]<\/p>\n","protected":false},"author":1,"featured_media":0,"parent":0,"menu_order":0,"comment_status":"closed","ping_status":"closed","template":"elementor_header_footer","meta":{"_monsterinsights_skip_tracking":false,"_monsterinsights_sitenote_active":false,"_monsterinsights_sitenote_note":"","_monsterinsights_sitenote_category":0,"footnotes":""},"class_list":["post-3801","page","type-page","status-publish","hentry"],"aioseo_notices":[],"_links":{"self":[{"href":"https:\/\/sokashipping.com\/fr\/wp-json\/wp\/v2\/pages\/3801","targetHints":{"allow":["GET"]}}],"collection":[{"href":"https:\/\/sokashipping.com\/fr\/wp-json\/wp\/v2\/pages"}],"about":[{"href":"https:\/\/sokashipping.com\/fr\/wp-json\/wp\/v2\/types\/page"}],"author":[{"embeddable":true,"href":"https:\/\/sokashipping.com\/fr\/wp-json\/wp\/v2\/users\/1"}],"replies":[{"embeddable":true,"href":"https:\/\/sokashipping.com\/fr\/wp-json\/wp\/v2\/comments?post=3801"}],"version-history":[{"count":42,"href":"https:\/\/sokashipping.com\/fr\/wp-json\/wp\/v2\/pages\/3801\/revisions"}],"predecessor-version":[{"id":12545,"href":"https:\/\/sokashipping.com\/fr\/wp-json\/wp\/v2\/pages\/3801\/revisions\/12545"}],"wp:attachment":[{"href":"https:\/\/sokashipping.com\/fr\/wp-json\/wp\/v2\/media?parent=3801"}],"curies":[{"name":"wp","href":"https:\/\/api.w.org\/{rel}","templated":true}]}}