{"id":25,"date":"2025-06-01T03:57:53","date_gmt":"2025-06-01T03:57:53","guid":{"rendered":"https:\/\/www.radiustheme.com\/demo\/wordpress\/themes\/kariez\/?page_id=25"},"modified":"2025-08-20T17:17:52","modified_gmt":"2025-08-20T17:17:52","slug":"contact","status":"publish","type":"page","link":"https:\/\/sokashipping.com\/fr\/contact\/","title":{"rendered":"Contact"},"content":{"rendered":"\t\t<div data-elementor-type=\"wp-page\" data-elementor-id=\"25\" class=\"elementor elementor-25\">\n\t\t\t\t<div class=\"elementor-element elementor-element-bdd8a4f e-flex e-con-boxed rt-parallax-bg-no e-con e-parent\" data-id=\"bdd8a4f\" data-element_type=\"container\">\n\t\t\t\t\t<div class=\"e-con-inner\">\n\t\t<div class=\"elementor-element elementor-element-97cbc98 e-con-full e-flex rt-parallax-bg-no e-con e-child\" data-id=\"97cbc98\" data-element_type=\"container\" data-settings=\"{&quot;background_background&quot;:&quot;classic&quot;}\">\n\t\t<div class=\"elementor-element elementor-element-71dad45 e-con-full e-flex rt-parallax-bg-no e-con e-child\" data-id=\"71dad45\" data-element_type=\"container\" data-settings=\"{&quot;background_background&quot;:&quot;classic&quot;}\">\n\t\t<div class=\"elementor-element elementor-element-0fb5f19 e-con-full e-flex rt-parallax-bg-no e-con e-child\" data-id=\"0fb5f19\" data-element_type=\"container\">\n\t\t\t\t<div class=\"elementor-element elementor-element-3c86503 elementor-invisible elementor-widget elementor-widget-rt-title\" data-id=\"3c86503\" data-element_type=\"widget\" data-widget_type=\"rt-title.default\">\n\t\t\t\t<div class=\"elementor-widget-container\">\n\t\t\t\t\t<div class=\"section-title-wrapper section-title-wrapper-layout-2\">\r\n\t<div class=\"title-inner-wrapper\">\r\n\t\t<!--Top Sub Title-->\r\n        \r\n\t\t<!--Main Title-->\r\n\t\t        <div class=\"wow-off fadeInUp\" data-wow-delay=\"400ms\" data-wow-duration=\"1200ms\">\r\n            <h2 class=\"main-title\">\r\n            Notre si\u00e8ge        <\/h2>\r\n        <\/div>\r\n            <!--Description-->\r\n\t\t    <\/div>\r\n<\/div>\t\t\t\t<\/div>\n\t\t\t\t<\/div>\n\t\t\t\t<div class=\"elementor-element elementor-element-a7c51f9 elementor-invisible elementor-widget elementor-widget-rt-contact-info\" data-id=\"a7c51f9\" data-element_type=\"widget\" data-widget_type=\"rt-contact-info.default\">\n\t\t\t\t<div class=\"elementor-widget-container\">\n\t\t\t\t\t\r\n\r\n<div class=\"rt-contact-info wow-off fadeInUp\" data-wow-delay=\"200ms\" data-wow-duration=\"1200ms\">\r\n    <div class=\"content-holder\">\r\n                        <ul class=\"contact-list list-vertical\">\r\n            \r\n            <li class=\"list \">\r\n                                    <span>In Lom\u00e9 we are:<\/span>\r\n                                    Rue de l\u2019Ocam, behind Ecobank ETI, Kotokoukondji.                            <\/li>\r\n                    <\/ul>\r\n    <\/div>\r\n<\/div>\t\t\t\t<\/div>\n\t\t\t\t<\/div>\n\t\t\t\t<\/div>\n\t\t<div class=\"elementor-element elementor-element-c9bf2f7 e-con-full e-flex rt-parallax-bg-no e-con e-child\" data-id=\"c9bf2f7\" data-element_type=\"container\">\n\t\t\t\t<div class=\"elementor-element elementor-element-75718af elementor-invisible elementor-widget elementor-widget-rt-title\" data-id=\"75718af\" data-element_type=\"widget\" data-widget_type=\"rt-title.default\">\n\t\t\t\t<div class=\"elementor-widget-container\">\n\t\t\t\t\t<div class=\"section-title-wrapper section-title-wrapper-layout-2\">\r\n\t<div class=\"title-inner-wrapper\">\r\n\t\t<!--Top Sub Title-->\r\n        \r\n\t\t<!--Main Title-->\r\n\t\t        <div class=\"wow-off fadeInUp\" data-wow-delay=\"400ms\" data-wow-duration=\"1200ms\">\r\n            <h2 class=\"main-title\">\r\n            Contacts        <\/h2>\r\n        <\/div>\r\n            <!--Description-->\r\n\t\t    <\/div>\r\n<\/div>\t\t\t\t<\/div>\n\t\t\t\t<\/div>\n\t\t\t\t<div class=\"elementor-element elementor-element-95ce84e elementor-position-left elementor-vertical-align-middle rt-support-wrap elementor-mobile-position-left elementor-view-default elementor-widget elementor-widget-icon-box\" data-id=\"95ce84e\" data-element_type=\"widget\" data-widget_type=\"icon-box.default\">\n\t\t\t\t<div class=\"elementor-widget-container\">\n\t\t\t\t\t\t\t<div class=\"elementor-icon-box-wrapper\">\n\n\t\t\t\t\t\t<div class=\"elementor-icon-box-icon\">\n\t\t\t\t<a href=\"#\" class=\"elementor-icon\" tabindex=\"-1\" aria-label=\"Nous joindre\">\n\t\t\t\t<i aria-hidden=\"true\" class=\" icon-phone\"><\/i>\t\t\t\t<\/a>\n\t\t\t<\/div>\n\t\t\t\n\t\t\t\t\t\t<div class=\"elementor-icon-box-content\">\n\n\t\t\t\t\t\t\t\t\t<h3 class=\"elementor-icon-box-title\">\n\t\t\t\t\t\t<a href=\"#\" >\n\t\t\t\t\t\t\tNous joindre\t\t\t\t\t\t<\/a>\n\t\t\t\t\t<\/h3>\n\t\t\t\t\n\t\t\t\t\t\t\t\t\t<p class=\"elementor-icon-box-description\">\n\t\t\t\t\t\t+228 93 02 48 46 \t\t\t\t\t<\/p>\n\t\t\t\t\n\t\t\t<\/div>\n\t\t\t\n\t\t<\/div>\n\t\t\t\t\t\t<\/div>\n\t\t\t\t<\/div>\n\t\t\t\t<div class=\"elementor-element elementor-element-0ba46ea elementor-position-left elementor-vertical-align-middle rt-support-wrap elementor-mobile-position-left elementor-view-default elementor-widget elementor-widget-icon-box\" data-id=\"0ba46ea\" data-element_type=\"widget\" data-widget_type=\"icon-box.default\">\n\t\t\t\t<div class=\"elementor-widget-container\">\n\t\t\t\t\t\t\t<div class=\"elementor-icon-box-wrapper\">\n\n\t\t\t\t\t\t<div class=\"elementor-icon-box-icon\">\n\t\t\t\t<a href=\"#\" class=\"elementor-icon\" tabindex=\"-1\">\n\t\t\t\t<i aria-hidden=\"true\" class=\" icon-phone\"><\/i>\t\t\t\t<\/a>\n\t\t\t<\/div>\n\t\t\t\n\t\t\t\t\t\t<div class=\"elementor-icon-box-content\">\n\n\t\t\t\t\n\t\t\t\t\t\t\t\t\t<p class=\"elementor-icon-box-description\">\n\t\t\t\t\t\t+228 92 92 12 88\t\t\t\t\t<\/p>\n\t\t\t\t\n\t\t\t<\/div>\n\t\t\t\n\t\t<\/div>\n\t\t\t\t\t\t<\/div>\n\t\t\t\t<\/div>\n\t\t\t\t<\/div>\n\t\t\t\t<\/div>\n\t\t\t\t<\/div>\n\t\t<div class=\"elementor-element elementor-element-f3efd03 e-con-full e-flex rt-parallax-bg-no e-con e-child\" data-id=\"f3efd03\" data-element_type=\"container\" data-settings=\"{&quot;background_background&quot;:&quot;classic&quot;}\">\n\t\t<div class=\"elementor-element elementor-element-fe6e014 e-con-full e-flex rt-parallax-bg-no e-con e-child\" data-id=\"fe6e014\" data-element_type=\"container\">\n\t\t<div class=\"elementor-element elementor-element-00f5f01 e-con-full e-flex rt-parallax-bg-no e-con e-child\" data-id=\"00f5f01\" data-element_type=\"container\" data-settings=\"{&quot;background_background&quot;:&quot;classic&quot;}\">\n\t\t\t\t<div class=\"elementor-element elementor-element-37fee99 elementor-widget elementor-widget-heading\" data-id=\"37fee99\" data-element_type=\"widget\" data-widget_type=\"heading.default\">\n\t\t\t\t<div class=\"elementor-widget-container\">\n\t\t\t\t\t<h3 class=\"elementor-heading-title elementor-size-default\">Nous sommes pr\u00e9sents :<\/h3>\t\t\t\t<\/div>\n\t\t\t\t<\/div>\n\t\t\t\t<div class=\"elementor-element elementor-element-abb79f3 elementor-icon-list--layout-traditional elementor-list-item-link-full_width elementor-widget elementor-widget-icon-list\" data-id=\"abb79f3\" data-element_type=\"widget\" data-widget_type=\"icon-list.default\">\n\t\t\t\t<div class=\"elementor-widget-container\">\n\t\t\t\t\t\t\t<ul class=\"elementor-icon-list-items\">\n\t\t\t\t\t\t\t<li class=\"elementor-icon-list-item\">\n\t\t\t\t\t\t\t\t\t\t\t<a href=\"https:\/\/sokashipping.com\/fr\/contact\/\">\n\n\t\t\t\t\t\t\t\t\t\t\t\t<span class=\"elementor-icon-list-icon\">\n\t\t\t\t\t\t\t<i aria-hidden=\"true\" class=\"fas fa-arrow-right\"><\/i>\t\t\t\t\t\t<\/span>\n\t\t\t\t\t\t\t\t\t\t<span class=\"elementor-icon-list-text\">TOGO<\/span>\n\t\t\t\t\t\t\t\t\t\t\t<\/a>\n\t\t\t\t\t\t\t\t\t<\/li>\n\t\t\t\t\t\t\t\t<li class=\"elementor-icon-list-item\">\n\t\t\t\t\t\t\t\t\t\t\t<a href=\"https:\/\/sokashipping.com\/fr\/contact\/\">\n\n\t\t\t\t\t\t\t\t\t\t\t\t<span class=\"elementor-icon-list-icon\">\n\t\t\t\t\t\t\t<i aria-hidden=\"true\" class=\"fas fa-arrow-right\"><\/i>\t\t\t\t\t\t<\/span>\n\t\t\t\t\t\t\t\t\t\t<span class=\"elementor-icon-list-text\">BENIN<\/span>\n\t\t\t\t\t\t\t\t\t\t\t<\/a>\n\t\t\t\t\t\t\t\t\t<\/li>\n\t\t\t\t\t\t\t\t<li class=\"elementor-icon-list-item\">\n\t\t\t\t\t\t\t\t\t\t\t<a href=\"https:\/\/sokashipping.com\/fr\/contact\/\">\n\n\t\t\t\t\t\t\t\t\t\t\t\t<span class=\"elementor-icon-list-icon\">\n\t\t\t\t\t\t\t<i aria-hidden=\"true\" class=\"fas fa-arrow-right\"><\/i>\t\t\t\t\t\t<\/span>\n\t\t\t\t\t\t\t\t\t\t<span class=\"elementor-icon-list-text\">GHANA<\/span>\n\t\t\t\t\t\t\t\t\t\t\t<\/a>\n\t\t\t\t\t\t\t\t\t<\/li>\n\t\t\t\t\t\t\t\t<li class=\"elementor-icon-list-item\">\n\t\t\t\t\t\t\t\t\t\t\t<a href=\"https:\/\/sokashipping.com\/fr\/contact\/\">\n\n\t\t\t\t\t\t\t\t\t\t\t\t<span class=\"elementor-icon-list-icon\">\n\t\t\t\t\t\t\t<i aria-hidden=\"true\" class=\"fas fa-arrow-right\"><\/i>\t\t\t\t\t\t<\/span>\n\t\t\t\t\t\t\t\t\t\t<span class=\"elementor-icon-list-text\">C\u00d4TE D'IVOIRE<\/span>\n\t\t\t\t\t\t\t\t\t\t\t<\/a>\n\t\t\t\t\t\t\t\t\t<\/li>\n\t\t\t\t\t\t<\/ul>\n\t\t\t\t\t\t<\/div>\n\t\t\t\t<\/div>\n\t\t\t\t<\/div>\n\t\t<div class=\"elementor-element elementor-element-dc0a988 e-con-full e-flex rt-parallax-bg-no e-con e-child\" data-id=\"dc0a988\" data-element_type=\"container\">\n\t\t<div class=\"elementor-element elementor-element-55ea864 e-con-full e-flex rt-parallax-bg-no e-con e-child\" data-id=\"55ea864\" data-element_type=\"container\">\n\t\t<div class=\"elementor-element elementor-element-ca21988 e-con-full e-flex rt-parallax-bg-no e-con e-child\" data-id=\"ca21988\" data-element_type=\"container\">\n\t\t\t\t<div class=\"elementor-element elementor-element-452e1fb elementor-invisible elementor-widget elementor-widget-rt-contact-info\" data-id=\"452e1fb\" data-element_type=\"widget\" data-widget_type=\"rt-contact-info.default\">\n\t\t\t\t<div class=\"elementor-widget-container\">\n\t\t\t\t\t\r\n\r\n<div class=\"rt-contact-info wow-off fadeInUp\" data-wow-delay=\"200ms\" data-wow-duration=\"1200ms\">\r\n    <div class=\"content-holder\">\r\n                        <ul class=\"contact-list list-vertical\">\r\n            \r\n            <li class=\"list \">\r\n                                    <span>TOGO :<\/span>\r\n                                    <a href=\"mailto:togo@sokashipping.com\">togo@sokashipping.com<\/a>\r\n                            <\/li>\r\n            \r\n            <li class=\"list \">\r\n                                    <span>BENIN :<\/span>\r\n                                    <a href=\"mailto:benin@sokashipping.com\">benin@sokashipping.com<\/a>\r\n                            <\/li>\r\n                    <\/ul>\r\n    <\/div>\r\n<\/div>\t\t\t\t<\/div>\n\t\t\t\t<\/div>\n\t\t\t\t<\/div>\n\t\t<div class=\"elementor-element elementor-element-b9e6e66 e-con-full e-flex rt-parallax-bg-no e-con e-child\" data-id=\"b9e6e66\" data-element_type=\"container\">\n\t\t\t\t<div class=\"elementor-element elementor-element-232bd7b elementor-invisible elementor-widget elementor-widget-rt-contact-info\" data-id=\"232bd7b\" data-element_type=\"widget\" data-widget_type=\"rt-contact-info.default\">\n\t\t\t\t<div class=\"elementor-widget-container\">\n\t\t\t\t\t\r\n\r\n<div class=\"rt-contact-info wow-off fadeInUp\" data-wow-delay=\"200ms\" data-wow-duration=\"1200ms\">\r\n    <div class=\"content-holder\">\r\n                        <ul class=\"contact-list list-vertical\">\r\n            \r\n            <li class=\"list \">\r\n                                    <span>GHANA:<\/span>\r\n                                    <a href=\"mailto:ghana@sokashipping.com\">ghana@sokashipping.com<\/a>\r\n                            <\/li>\r\n            \r\n            <li class=\"list \">\r\n                                    <span>C\u00d4TE D'IVOIRE:<\/span>\r\n                                     ivoire@sokashipping.com                            <\/li>\r\n                    <\/ul>\r\n    <\/div>\r\n<\/div>\t\t\t\t<\/div>\n\t\t\t\t<\/div>\n\t\t\t\t<\/div>\n\t\t\t\t<\/div>\n\t\t\t\t<\/div>\n\t\t\t\t<\/div>\n\t\t\t\t<div class=\"elementor-element elementor-element-507532d elementor-invisible elementor-widget elementor-widget-rt-title\" data-id=\"507532d\" data-element_type=\"widget\" data-widget_type=\"rt-title.default\">\n\t\t\t\t<div class=\"elementor-widget-container\">\n\t\t\t\t\t<div class=\"section-title-wrapper section-title-wrapper-layout-1\">\r\n\t<div class=\"title-inner-wrapper\">\r\n\t\t<!--Top Sub Title-->\r\n\t\t\r\n\t\t<!--Main Title-->\r\n\t\t        <div class=\"wow-off fadeInUp\" data-wow-delay=\"400ms\" data-wow-duration=\"1200ms\">\r\n            <h2 class=\"main-title\">\r\n            Nos Partenaires        <\/h2>\r\n        <\/div>\r\n        \r\n        <!--Description-->\r\n                \r\n    <\/div>\r\n<\/div>\t\t\t\t<\/div>\n\t\t\t\t<\/div>\n\t\t\t\t<\/div>\n\t\t\t\t<div class=\"elementor-element elementor-element-eecb302 elementor-widget elementor-widget-image-carousel\" data-id=\"eecb302\" data-element_type=\"widget\" data-settings=\"{&quot;slides_to_show&quot;:&quot;5&quot;,&quot;navigation&quot;:&quot;none&quot;,&quot;autoplay&quot;:&quot;yes&quot;,&quot;pause_on_hover&quot;:&quot;yes&quot;,&quot;pause_on_interaction&quot;:&quot;yes&quot;,&quot;autoplay_speed&quot;:5000,&quot;infinite&quot;:&quot;yes&quot;,&quot;speed&quot;:500}\" data-widget_type=\"image-carousel.default\">\n\t\t\t\t<div class=\"elementor-widget-container\">\n\t\t\t\t\t\t\t<div class=\"elementor-image-carousel-wrapper swiper\" role=\"region\" aria-roledescription=\"carousel\" aria-label=\"Carrousel d\u2019images\" dir=\"ltr\">\n\t\t\t<div class=\"elementor-image-carousel swiper-wrapper\" aria-live=\"off\">\n\t\t\t\t\t\t\t\t<div class=\"swiper-slide\" role=\"group\" aria-roledescription=\"slide\" aria-label=\"1 sur 5\"><figure class=\"swiper-slide-inner\"><img decoding=\"async\" class=\"swiper-slide-image\" src=\"https:\/\/sokashipping.com\/fr\/wp-content\/uploads\/2025\/06\/Logo-Port-de-Lome-150x150.png\" alt=\"Logo-Port de Lom\u00e9\" \/><\/figure><\/div><div class=\"swiper-slide\" role=\"group\" aria-roledescription=\"slide\" aria-label=\"2 sur 5\"><figure class=\"swiper-slide-inner\"><img decoding=\"async\" class=\"swiper-slide-image\" src=\"https:\/\/sokashipping.com\/fr\/wp-content\/uploads\/2025\/06\/Logo-Port-Cotonou-150x150.png\" alt=\"Logo-Port Cotonou\" \/><\/figure><\/div><div class=\"swiper-slide\" role=\"group\" aria-roledescription=\"slide\" aria-label=\"3 sur 5\"><figure class=\"swiper-slide-inner\"><img decoding=\"async\" class=\"swiper-slide-image\" src=\"https:\/\/sokashipping.com\/fr\/wp-content\/uploads\/2025\/06\/Logo-Port-Abidjan-150x150.png\" alt=\"Logo-Port Abidjan\" \/><\/figure><\/div><div class=\"swiper-slide\" role=\"group\" aria-roledescription=\"slide\" aria-label=\"4 sur 5\"><figure class=\"swiper-slide-inner\"><img decoding=\"async\" class=\"swiper-slide-image\" src=\"https:\/\/sokashipping.com\/fr\/wp-content\/uploads\/2025\/06\/logo-OBT-150x150.png\" alt=\"logo-OBT\" \/><\/figure><\/div><div class=\"swiper-slide\" role=\"group\" aria-roledescription=\"slide\" aria-label=\"5 sur 5\"><figure class=\"swiper-slide-inner\"><img decoding=\"async\" class=\"swiper-slide-image\" src=\"https:\/\/sokashipping.com\/fr\/wp-content\/uploads\/2025\/06\/Logo-Ghana-Port-150x150.png\" alt=\"Logo-Ghana Port\" \/><\/figure><\/div>\t\t\t<\/div>\n\t\t\t\t\t\t\t\n\t\t\t\t\t\t\t\t\t<\/div>\n\t\t\t\t\t\t<\/div>\n\t\t\t\t<\/div>\n\t\t\t\t\t<\/div>\n\t\t\t\t<\/div>\n\t\t\t\t<\/div>\n\t\t","protected":false},"excerpt":{"rendered":"<p>Notre si\u00e8ge In Lom\u00e9 we are: Rue de l\u2019Ocam, behind Ecobank ETI, Kotokoukondji. Contacts Nous joindre +228 93 02 48 46 +228 92 92 12 88 Nous sommes pr\u00e9sents : TOGO BENIN GHANA C\u00d4TE D&rsquo;IVOIRE TOGO : togo@sokashipping.com BENIN : benin@sokashipping.com GHANA: ghana@sokashipping.com C\u00d4TE D&rsquo;IVOIRE: ivoire@sokashipping.com Nos Partenaires<\/p>\n","protected":false},"author":1,"featured_media":0,"parent":0,"menu_order":0,"comment_status":"closed","ping_status":"closed","template":"elementor_header_footer","meta":{"_monsterinsights_skip_tracking":false,"_monsterinsights_sitenote_active":false,"_monsterinsights_sitenote_note":"","_monsterinsights_sitenote_category":0,"footnotes":""},"class_list":["post-25","page","type-page","status-publish","hentry"],"aioseo_notices":[],"_links":{"self":[{"href":"https:\/\/sokashipping.com\/fr\/wp-json\/wp\/v2\/pages\/25","targetHints":{"allow":["GET"]}}],"collection":[{"href":"https:\/\/sokashipping.com\/fr\/wp-json\/wp\/v2\/pages"}],"about":[{"href":"https:\/\/sokashipping.com\/fr\/wp-json\/wp\/v2\/types\/page"}],"author":[{"embeddable":true,"href":"https:\/\/sokashipping.com\/fr\/wp-json\/wp\/v2\/users\/1"}],"replies":[{"embeddable":true,"href":"https:\/\/sokashipping.com\/fr\/wp-json\/wp\/v2\/comments?post=25"}],"version-history":[{"count":28,"href":"https:\/\/sokashipping.com\/fr\/wp-json\/wp\/v2\/pages\/25\/revisions"}],"predecessor-version":[{"id":12524,"href":"https:\/\/sokashipping.com\/fr\/wp-json\/wp\/v2\/pages\/25\/revisions\/12524"}],"wp:attachment":[{"href":"https:\/\/sokashipping.com\/fr\/wp-json\/wp\/v2\/media?parent=25"}],"curies":[{"name":"wp","href":"https:\/\/api.w.org\/{rel}","templated":true}]}}