{"id":10916,"date":"2025-06-01T08:04:59","date_gmt":"2025-06-01T08:04:59","guid":{"rendered":"https:\/\/www.radiustheme.com\/demo\/wordpress\/themes\/kariez\/?page_id=10916"},"modified":"2025-08-20T17:45:05","modified_gmt":"2025-08-20T17:45:05","slug":"nos-prestations","status":"publish","type":"page","link":"https:\/\/sokashipping.com\/fr\/nos-prestations\/","title":{"rendered":"Nos Prestations"},"content":{"rendered":"\t\t<div data-elementor-type=\"wp-page\" data-elementor-id=\"10916\" class=\"elementor elementor-10916\">\n\t\t\t\t<div class=\"elementor-element elementor-element-398b276c e-flex e-con-boxed rt-parallax-bg-no e-con e-parent\" data-id=\"398b276c\" data-element_type=\"container\">\n\t\t\t\t\t<div class=\"e-con-inner\">\n\t\t<div class=\"elementor-element elementor-element-773d7c6f e-con-full e-flex rt-parallax-bg-no e-con e-child\" data-id=\"773d7c6f\" data-element_type=\"container\">\n\t\t<div class=\"elementor-element elementor-element-39e863f2 e-con-full e-flex rt-parallax-bg-no e-con e-child\" data-id=\"39e863f2\" data-element_type=\"container\">\n\t\t\t\t<div class=\"elementor-element elementor-element-87d3ae8 elementor-widget elementor-widget-rt-image\" data-id=\"87d3ae8\" data-element_type=\"widget\" data-widget_type=\"rt-image.default\">\n\t\t\t\t<div class=\"elementor-widget-container\">\n\t\t\t\t\t\r\n<div class=\"rt-image-layout rt-image-layout-1 \">\r\n\r\n\t        <div class=\"rt-image wow-off fadeInUp\" data-wow-delay=\"200ms\" data-wow-duration=\"1200ms\">\r\n                                <img fetchpriority=\"high\" decoding=\"async\" width=\"1272\" height=\"1200\" src=\"https:\/\/sokashipping.com\/fr\/wp-content\/uploads\/2025\/07\/Design-sans-titre-17.jpg\" class=\"attachment-full size-full\" alt=\"\" srcset=\"https:\/\/sokashipping.com\/fr\/wp-content\/uploads\/2025\/07\/Design-sans-titre-17.jpg 1272w, https:\/\/sokashipping.com\/fr\/wp-content\/uploads\/2025\/07\/Design-sans-titre-17-300x283.jpg 300w, https:\/\/sokashipping.com\/fr\/wp-content\/uploads\/2025\/07\/Design-sans-titre-17-1024x966.jpg 1024w, https:\/\/sokashipping.com\/fr\/wp-content\/uploads\/2025\/07\/Design-sans-titre-17-768x725.jpg 768w\" sizes=\"(max-width: 1272px) 100vw, 1272px\" \/>                            <\/div>\r\n    \r\n\r\n\t\r\n\t<\/div>\t\t\t\t<\/div>\n\t\t\t\t<\/div>\n\t\t\t\t<\/div>\n\t\t<div class=\"elementor-element elementor-element-5dc36d80 e-con-full e-flex rt-parallax-bg-no e-con e-child\" data-id=\"5dc36d80\" data-element_type=\"container\" data-settings=\"{&quot;background_background&quot;:&quot;classic&quot;}\">\n\t\t\t\t<div class=\"elementor-element elementor-element-e721a1f elementor-invisible elementor-widget elementor-widget-rt-title\" data-id=\"e721a1f\" data-element_type=\"widget\" data-widget_type=\"rt-title.default\">\n\t\t\t\t<div class=\"elementor-widget-container\">\n\t\t\t\t\t<div class=\"section-title-wrapper section-title-wrapper-layout-1\">\r\n\t<div class=\"title-inner-wrapper\">\r\n\t\t<!--Top Sub Title-->\r\n\t\t\t\t\t<div class=\"top-sub-title-wrap wow-off\t\t\tfadeInUp\" data-wow-delay=\"200ms\" data-wow-duration=\"1200ms\">\r\n                <div class=\"top-sub-title has-animation default\">\r\n\t                                    AGENCE COMPL\u00c8TE                <\/div>\r\n\t\t\t<\/div>\r\n\t\t\r\n\t\t<!--Main Title-->\r\n\t\t\r\n        <!--Description-->\r\n                    <div class=\"description wow-off fadeInUp\" data-wow-delay=\"600ms\" data-wow-duration=\"1200ms\"><p>G\u00e9rer les besoins du navire et de l\u2019\u00e9quipage peut \u00eatre complexe, mais avec nous, les clients b\u00e9n\u00e9ficient d\u2019une escale portuaire fluide et rentable.<\/p><p>Nous fournissons des services d\u2019agence maritime pour les navires en vrac, colis lourds, cargaisons g\u00e9n\u00e9rales, roulier (ro-ro) et navires de projet.<\/p><p>Notre \u00e9quipe exp\u00e9riment\u00e9e s\u2019occupe du d\u00e9douanement du navire et coordonne avec les douanes, l\u2019immigration, la sant\u00e9 portuaire et les autorit\u00e9s portuaires. De solides relations locales permettent un retour rapide et efficace du navire.<\/p><p>Nous offrons :<br \/>\u2013 Informations pr\u00e9cises sur le port et le poste \u00e0 quai<br \/>\u2013 D\u00e9bours pr\u00e9visionnels et comptes finaux<br \/>\u2013 Coordination avec les destinataires<br \/>\u2013 Mises \u00e0 jour op\u00e9rationnelles en temps voulu<br \/>\u2013 Support proactif pour les changements d\u2019\u00e9quipage, la livraison de pi\u00e8ces de rechange et la logistique locale des fournitures.<\/p><p>Faites-nous confiance pour des op\u00e9rations navales sans accroc.<\/p><\/div>\r\n                \r\n    <\/div>\r\n<\/div>\t\t\t\t<\/div>\n\t\t\t\t<\/div>\n\t\t\t\t<\/div>\n\t\t\t\t<\/div>\n\t\t<div class=\"elementor-element elementor-element-2922ba30 e-con-full e-flex rt-parallax-bg-no e-con e-child\" data-id=\"2922ba30\" data-element_type=\"container\">\n\t\t<div class=\"elementor-element elementor-element-5a232540 e-con-full e-flex rt-parallax-bg-no e-con e-child\" data-id=\"5a232540\" data-element_type=\"container\">\n\t\t\t\t<div class=\"elementor-element elementor-element-2fed885b elementor-widget elementor-widget-rt-image\" data-id=\"2fed885b\" data-element_type=\"widget\" data-widget_type=\"rt-image.default\">\n\t\t\t\t<div class=\"elementor-widget-container\">\n\t\t\t\t\t\r\n<div class=\"rt-image-layout rt-image-layout-1 \">\r\n\r\n\t        <div class=\"rt-image wow-off fadeInUp\" data-wow-delay=\"200ms\" data-wow-duration=\"1200ms\">\r\n                                <img decoding=\"async\" width=\"1272\" height=\"1200\" src=\"https:\/\/sokashipping.com\/fr\/wp-content\/uploads\/2025\/07\/Design-sans-titre-18.jpg\" class=\"attachment-full size-full\" alt=\"\" srcset=\"https:\/\/sokashipping.com\/fr\/wp-content\/uploads\/2025\/07\/Design-sans-titre-18.jpg 1272w, https:\/\/sokashipping.com\/fr\/wp-content\/uploads\/2025\/07\/Design-sans-titre-18-300x283.jpg 300w, https:\/\/sokashipping.com\/fr\/wp-content\/uploads\/2025\/07\/Design-sans-titre-18-1024x966.jpg 1024w, https:\/\/sokashipping.com\/fr\/wp-content\/uploads\/2025\/07\/Design-sans-titre-18-768x725.jpg 768w\" sizes=\"(max-width: 1272px) 100vw, 1272px\" \/>                            <\/div>\r\n    \r\n\r\n\t\r\n\t<\/div>\t\t\t\t<\/div>\n\t\t\t\t<\/div>\n\t\t\t\t<\/div>\n\t\t<div class=\"elementor-element elementor-element-1d09bc3a e-con-full e-flex rt-parallax-bg-no e-con e-child\" data-id=\"1d09bc3a\" data-element_type=\"container\" data-settings=\"{&quot;background_background&quot;:&quot;classic&quot;}\">\n\t\t\t\t<div class=\"elementor-element elementor-element-292eca59 elementor-invisible elementor-widget elementor-widget-rt-title\" data-id=\"292eca59\" data-element_type=\"widget\" data-widget_type=\"rt-title.default\">\n\t\t\t\t<div class=\"elementor-widget-container\">\n\t\t\t\t\t<div class=\"section-title-wrapper section-title-wrapper-layout-1\">\r\n\t<div class=\"title-inner-wrapper\">\r\n\t\t<!--Top Sub Title-->\r\n\t\t\t\t\t<div class=\"top-sub-title-wrap wow-off\t\t\tfadeInUp\" data-wow-delay=\"200ms\" data-wow-duration=\"1200ms\">\r\n                <div class=\"top-sub-title has-animation default\">\r\n\t                                    AGENCE DE PROTECTION                <\/div>\r\n\t\t\t<\/div>\r\n\t\t\r\n\t\t<!--Main Title-->\r\n\t\t\r\n        <!--Description-->\r\n                    <div class=\"description wow-off fadeInUp\" data-wow-delay=\"600ms\" data-wow-duration=\"1200ms\"><p>Nous offrons des services d\u2019agence de protection pour les armateurs et op\u00e9rateurs \/ affr\u00e9teurs qui ont besoin d\u2019un partenaire exp\u00e9riment\u00e9 pour superviser les op\u00e9rations d\u2019escale, faire le lien avec l\u2019agent de l\u2019affr\u00e9teur et garantir la d\u00e9fense de vos int\u00e9r\u00eats.<\/p><p>CELA PEUT INCLURE :<\/p>Le rapport sur l\u2019\u00e9tat du navire \/ cargaisonLa pr\u00e9sence \u00e0 bord pour rencontrer et assister le capitaineLa confirmation des pratiques et restrictions sp\u00e9cifiques au portLa v\u00e9rification de tous les documents de cargaison (D\u00e9clarations de faits, feuilles de temps, rapports d\u2019agent)La gestion des remplacements\/changements d\u2019\u00e9quipage, probl\u00e8mes m\u00e9dicaux, carburants, pi\u00e8ces de rechangeLa r\u00e9ception des fonds de l\u2019armateur et le paiement \u00e0 l\u2019agent de l\u2019affr\u00e9teurLa v\u00e9rification et contr\u00f4le du DA pro-forma soumis par l\u2019agent de l\u2019affr\u00e9teur pour conformit\u00e9 avec le tarifL\u2019assistance en cas de probl\u00e8mes apr\u00e8s l\u2019escale<\/div>\r\n                \r\n    <\/div>\r\n<\/div>\t\t\t\t<\/div>\n\t\t\t\t<\/div>\n\t\t\t\t<\/div>\n\t\t\t\t<\/div>\n\t\t<div class=\"elementor-element elementor-element-40a820e8 e-con-full e-flex rt-parallax-bg-no e-con e-child\" data-id=\"40a820e8\" data-element_type=\"container\">\n\t\t<div class=\"elementor-element elementor-element-12799e7c e-con-full e-flex rt-parallax-bg-no e-con e-child\" data-id=\"12799e7c\" data-element_type=\"container\">\n\t\t\t\t<div class=\"elementor-element elementor-element-4b70fb70 elementor-widget elementor-widget-rt-image\" data-id=\"4b70fb70\" data-element_type=\"widget\" data-widget_type=\"rt-image.default\">\n\t\t\t\t<div class=\"elementor-widget-container\">\n\t\t\t\t\t\r\n<div class=\"rt-image-layout rt-image-layout-1 \">\r\n\r\n\t        <div class=\"rt-image wow-off fadeInUp\" data-wow-delay=\"200ms\" data-wow-duration=\"1200ms\">\r\n                                <img decoding=\"async\" width=\"1272\" height=\"1200\" src=\"https:\/\/sokashipping.com\/fr\/wp-content\/uploads\/2025\/07\/Design-sans-titre-19.jpg\" class=\"attachment-full size-full\" alt=\"\" srcset=\"https:\/\/sokashipping.com\/fr\/wp-content\/uploads\/2025\/07\/Design-sans-titre-19.jpg 1272w, https:\/\/sokashipping.com\/fr\/wp-content\/uploads\/2025\/07\/Design-sans-titre-19-300x283.jpg 300w, https:\/\/sokashipping.com\/fr\/wp-content\/uploads\/2025\/07\/Design-sans-titre-19-1024x966.jpg 1024w, https:\/\/sokashipping.com\/fr\/wp-content\/uploads\/2025\/07\/Design-sans-titre-19-768x725.jpg 768w\" sizes=\"(max-width: 1272px) 100vw, 1272px\" \/>                            <\/div>\r\n    \r\n\r\n\t\r\n\t<\/div>\t\t\t\t<\/div>\n\t\t\t\t<\/div>\n\t\t\t\t<\/div>\n\t\t<div class=\"elementor-element elementor-element-63a1a440 e-con-full e-flex rt-parallax-bg-no e-con e-child\" data-id=\"63a1a440\" data-element_type=\"container\" data-settings=\"{&quot;background_background&quot;:&quot;classic&quot;}\">\n\t\t\t\t<div class=\"elementor-element elementor-element-380d81d2 elementor-invisible elementor-widget elementor-widget-rt-title\" data-id=\"380d81d2\" data-element_type=\"widget\" data-widget_type=\"rt-title.default\">\n\t\t\t\t<div class=\"elementor-widget-container\">\n\t\t\t\t\t<div class=\"section-title-wrapper section-title-wrapper-layout-1\">\r\n\t<div class=\"title-inner-wrapper\">\r\n\t\t<!--Top Sub Title-->\r\n\t\t\t\t\t<div class=\"top-sub-title-wrap wow-off\t\t\tfadeInUp\" data-wow-delay=\"200ms\" data-wow-duration=\"1200ms\">\r\n                <div class=\"top-sub-title has-animation default\">\r\n\t                                    ENTRETIEN DES NAVIRES                <\/div>\r\n\t\t\t<\/div>\r\n\t\t\r\n\t\t<!--Main Title-->\r\n\t\t\r\n        <!--Description-->\r\n                    <div class=\"description wow-off fadeInUp\" data-wow-delay=\"600ms\" data-wow-duration=\"1200ms\"><p>Notre \u00e9quipe exp\u00e9riment\u00e9e prend en charge tous vos besoins en mati\u00e8re d'entretien des navires, que ce soit au port ou en mer, avec efficacit\u00e9 et soin.<\/p><p>Nous op\u00e9rons avec des vedettes, remorqueurs, camions, remorques et chariots \u00e9l\u00e9vateurs, assurant une r\u00e9ponse rapide et une communication pr\u00e9cise pour un traitement rapide.<\/p><p>Gr\u00e2ce \u00e0 des connexions locales solides, nous g\u00e9rons les changements d'\u00e9quipage, l'assistance m\u00e9dicale, la livraison de provisions, de pi\u00e8ces de rechange, de carburant, et bien plus dans les d\u00e9lais et le respect du budget.<\/p><p>Les services incluent :<br \/>\u2013 Changements d\u2019\u00e9quipage &amp; assistance m\u00e9dicale<br \/>\u2013 Paiement en esp\u00e8ces au capitaine<br \/>\u2013 Fournitures pour navires<br \/>\u2013 Livraison de r\u00e9parations (au quai ou \u00e0 l\u2019ancre)<br \/>\u2013 Carburants, lubrifiants, eau douce<br \/>\u2013 Fourniture de pi\u00e8ces de rechange<br \/>\u2013 Coordination de la pr\u00e9sence de la classe<br \/>\u2013 Inspections (y compris sous-marines)<br \/>\u2013 Inspection des carburants<\/p><\/div>\r\n                \r\n    <\/div>\r\n<\/div>\t\t\t\t<\/div>\n\t\t\t\t<\/div>\n\t\t\t\t<\/div>\n\t\t\t\t<\/div>\n\t\t<div class=\"elementor-element elementor-element-5a9ed34f e-con-full e-flex rt-parallax-bg-no e-con e-child\" data-id=\"5a9ed34f\" data-element_type=\"container\">\n\t\t<div class=\"elementor-element elementor-element-ee907d6 e-con-full e-flex rt-parallax-bg-no e-con e-child\" data-id=\"ee907d6\" data-element_type=\"container\">\n\t\t\t\t<div class=\"elementor-element elementor-element-3a46cb1f elementor-widget elementor-widget-rt-image\" data-id=\"3a46cb1f\" data-element_type=\"widget\" data-widget_type=\"rt-image.default\">\n\t\t\t\t<div class=\"elementor-widget-container\">\n\t\t\t\t\t\r\n<div class=\"rt-image-layout rt-image-layout-1 \">\r\n\r\n\t        <div class=\"rt-image wow-off fadeInUp\" data-wow-delay=\"200ms\" data-wow-duration=\"1200ms\">\r\n                                <img loading=\"lazy\" decoding=\"async\" width=\"1272\" height=\"1200\" src=\"https:\/\/sokashipping.com\/fr\/wp-content\/uploads\/2025\/07\/Design-sans-titre-20.jpg\" class=\"attachment-full size-full\" alt=\"\" srcset=\"https:\/\/sokashipping.com\/fr\/wp-content\/uploads\/2025\/07\/Design-sans-titre-20.jpg 1272w, https:\/\/sokashipping.com\/fr\/wp-content\/uploads\/2025\/07\/Design-sans-titre-20-300x283.jpg 300w, https:\/\/sokashipping.com\/fr\/wp-content\/uploads\/2025\/07\/Design-sans-titre-20-1024x966.jpg 1024w, https:\/\/sokashipping.com\/fr\/wp-content\/uploads\/2025\/07\/Design-sans-titre-20-768x725.jpg 768w\" sizes=\"(max-width: 1272px) 100vw, 1272px\" \/>                            <\/div>\r\n    \r\n\r\n\t\r\n\t<\/div>\t\t\t\t<\/div>\n\t\t\t\t<\/div>\n\t\t\t\t<\/div>\n\t\t<div class=\"elementor-element elementor-element-6b1f9755 e-con-full e-flex rt-parallax-bg-no e-con e-child\" data-id=\"6b1f9755\" data-element_type=\"container\" data-settings=\"{&quot;background_background&quot;:&quot;classic&quot;}\">\n\t\t\t\t<div class=\"elementor-element elementor-element-1f11ee4a elementor-invisible elementor-widget elementor-widget-rt-title\" data-id=\"1f11ee4a\" data-element_type=\"widget\" data-widget_type=\"rt-title.default\">\n\t\t\t\t<div class=\"elementor-widget-container\">\n\t\t\t\t\t<div class=\"section-title-wrapper section-title-wrapper-layout-1\">\r\n\t<div class=\"title-inner-wrapper\">\r\n\t\t<!--Top Sub Title-->\r\n\t\t\t\t\t<div class=\"top-sub-title-wrap wow-off\t\t\tfadeInUp\" data-wow-delay=\"200ms\" data-wow-duration=\"1200ms\">\r\n                <div class=\"top-sub-title has-animation default\">\r\n\t                                    CONTR\u00d4LE DE CARGAISON                <\/div>\r\n\t\t\t<\/div>\r\n\t\t\r\n\t\t<!--Main Title-->\r\n\t\t\r\n        <!--Description-->\r\n                    <div class=\"description wow-off fadeInUp\" data-wow-delay=\"600ms\" data-wow-duration=\"1200ms\"><p>Nous disposons d\u2019une \u00e9quipe d\u00e9di\u00e9e et exp\u00e9riment\u00e9e responsable du contr\u00f4le et du d\u00e9compte des cargaisons lors des op\u00e9rations navales. Leur r\u00f4le est de veiller \u00e0 ce que chaque aspect de la manutention soit correctement enregistr\u00e9 et v\u00e9rifi\u00e9, du chargement au d\u00e9chargement.<\/p><p>Pendant toute l\u2019op\u00e9ration, notre \u00e9quipe suit le processus de pr\u00e8s, identifie les \u00e9carts et s\u2019assure que la quantit\u00e9 et l\u2019\u00e9tat de la cargaison correspondent aux documents d\u2019exp\u00e9dition. \u00c0 la fin de l\u2019escale, nous vous fournissons un rapport complet et d\u00e9taill\u00e9 sur les op\u00e9rations de chargement \/ d\u00e9chargement.<\/p><p>Ce service prot\u00e8ge vos int\u00e9r\u00eats, am\u00e9liore la transparence et garantit une escale fluide et efficace, avec une visibilit\u00e9 totale sur le mouvement et la gestion de la cargaison.<\/p><\/div>\r\n                \r\n    <\/div>\r\n<\/div>\t\t\t\t<\/div>\n\t\t\t\t<\/div>\n\t\t\t\t<\/div>\n\t\t\t\t<\/div>\n\t\t<div class=\"elementor-element elementor-element-457c0b5 e-con-full e-flex rt-parallax-bg-no e-con e-child\" data-id=\"457c0b5\" data-element_type=\"container\">\n\t\t<div class=\"elementor-element elementor-element-c6998e5 e-con-full e-flex rt-parallax-bg-no e-con e-child\" data-id=\"c6998e5\" data-element_type=\"container\">\n\t\t\t\t<div class=\"elementor-element elementor-element-3134db6 elementor-widget elementor-widget-rt-image\" data-id=\"3134db6\" data-element_type=\"widget\" data-widget_type=\"rt-image.default\">\n\t\t\t\t<div class=\"elementor-widget-container\">\n\t\t\t\t\t\r\n<div class=\"rt-image-layout rt-image-layout-1 \">\r\n\r\n\t        <div class=\"rt-image wow-off fadeInUp\" data-wow-delay=\"200ms\" data-wow-duration=\"1200ms\">\r\n                                <img loading=\"lazy\" decoding=\"async\" width=\"1272\" height=\"1200\" src=\"https:\/\/sokashipping.com\/fr\/wp-content\/uploads\/2025\/07\/Design-sans-titre-21.jpg\" class=\"attachment-full size-full\" alt=\"\" srcset=\"https:\/\/sokashipping.com\/fr\/wp-content\/uploads\/2025\/07\/Design-sans-titre-21.jpg 1272w, https:\/\/sokashipping.com\/fr\/wp-content\/uploads\/2025\/07\/Design-sans-titre-21-300x283.jpg 300w, https:\/\/sokashipping.com\/fr\/wp-content\/uploads\/2025\/07\/Design-sans-titre-21-1024x966.jpg 1024w, https:\/\/sokashipping.com\/fr\/wp-content\/uploads\/2025\/07\/Design-sans-titre-21-768x725.jpg 768w\" sizes=\"(max-width: 1272px) 100vw, 1272px\" \/>                            <\/div>\r\n    \r\n\r\n\t\r\n\t<\/div>\t\t\t\t<\/div>\n\t\t\t\t<\/div>\n\t\t\t\t<\/div>\n\t\t<div class=\"elementor-element elementor-element-8173334 e-con-full e-flex rt-parallax-bg-no e-con e-child\" data-id=\"8173334\" data-element_type=\"container\" data-settings=\"{&quot;background_background&quot;:&quot;classic&quot;}\">\n\t\t\t\t<div class=\"elementor-element elementor-element-bcdacc5 elementor-invisible elementor-widget elementor-widget-rt-title\" data-id=\"bcdacc5\" data-element_type=\"widget\" data-widget_type=\"rt-title.default\">\n\t\t\t\t<div class=\"elementor-widget-container\">\n\t\t\t\t\t<div class=\"section-title-wrapper section-title-wrapper-layout-1\">\r\n\t<div class=\"title-inner-wrapper\">\r\n\t\t<!--Top Sub Title-->\r\n\t\t\t\t\t<div class=\"top-sub-title-wrap wow-off\t\t\tfadeInUp\" data-wow-delay=\"200ms\" data-wow-duration=\"1200ms\">\r\n                <div class=\"top-sub-title has-animation default\">\r\n\t                                    TRANSPORT \/ COMMISSION DE TRANSPORT                <\/div>\r\n\t\t\t<\/div>\r\n\t\t\r\n\t\t<!--Main Title-->\r\n\t\t\r\n        <!--Description-->\r\n                    <div class=\"description wow-off fadeInUp\" data-wow-delay=\"600ms\" data-wow-duration=\"1200ms\"><p>Soka Shipping, en tant que commissionnaire de transport, g\u00e8re une large gamme de cargaisons et de transports terrestres avec des solutions adapt\u00e9es \u00e0 chaque client. Des exp\u00e9ditions maritimes sp\u00e9cialis\u00e9es \u00e0 la logistique int\u00e9rieure compl\u00e8te, nous assurons une coordination fluide des cargaisons de l\u2019origine \u00e0 la destination finale.<\/p><p>Notre longue pr\u00e9sence r\u00e9gionale nous permet d\u2019op\u00e9rer efficacement, m\u00eame dans des environnements complexes, tout en maintenant un service professionnel et ponctuel tout au long de la cha\u00eene logistique.<\/p><p>Nos services cl\u00e9s incluent :<br \/>a. D\u00e9douanement et toutes formalit\u00e9s connexes<br \/>b. Entreposage, gestion des stocks et livraisons locales<br \/>c. Transport routier, transport intermodal complet et service porte-\u00e0-porte<\/p><p>Faites confiance \u00e0 Soka Shipping pour un soutien logistique<\/p><\/div>\r\n                \r\n    <\/div>\r\n<\/div>\t\t\t\t<\/div>\n\t\t\t\t<\/div>\n\t\t\t\t<\/div>\n\t\t\t\t<\/div>\n\t\t<div class=\"elementor-element elementor-element-4f6d871 e-con-full e-flex rt-parallax-bg-no e-con e-child\" data-id=\"4f6d871\" data-element_type=\"container\" data-settings=\"{&quot;background_background&quot;:&quot;classic&quot;}\">\n\t\t\t\t<div class=\"elementor-element elementor-element-4a987a8 elementor-invisible elementor-widget elementor-widget-rt-title\" data-id=\"4a987a8\" data-element_type=\"widget\" data-widget_type=\"rt-title.default\">\n\t\t\t\t<div class=\"elementor-widget-container\">\n\t\t\t\t\t<div class=\"section-title-wrapper section-title-wrapper-layout-1\">\r\n\t<div class=\"title-inner-wrapper\">\r\n\t\t<!--Top Sub Title-->\r\n\t\t\r\n\t\t<!--Main Title-->\r\n\t\t        <div class=\"wow-off fadeInUp\" data-wow-delay=\"400ms\" data-wow-duration=\"1200ms\">\r\n            <h2 class=\"main-title\">\r\n            Pourquoi nous choisir ?        <\/h2>\r\n        <\/div>\r\n        \r\n        <!--Description-->\r\n                    <div class=\"description wow-off fadeInUp\" data-wow-delay=\"600ms\" data-wow-duration=\"1200ms\"><p>Nos employ\u00e9s exp\u00e9riment\u00e9s et professionnels travaillent 24h\/24, 7j\/7. Nous entretenons d\u2019excellentes relations avec les autorit\u00e9s portuaires, les douanes et tous les acteurs impliqu\u00e9s pour fournir le meilleur service \u00e0 nos clients.<\/p><\/div>\r\n                \r\n    <\/div>\r\n<\/div>\t\t\t\t<\/div>\n\t\t\t\t<\/div>\n\t\t\t\t<div class=\"elementor-element elementor-element-5c81beb elementor-invisible elementor-widget elementor-widget-rt-button\" data-id=\"5c81beb\" data-element_type=\"widget\" data-widget_type=\"rt-button.default\">\n\t\t\t\t<div class=\"elementor-widget-container\">\n\t\t\t\t\t\r\n<div class=\"rt-button wow-off fadeInUp\" data-wow-delay=\"200ms\" data-wow-duration=\"1200ms\">\r\n\t        <a class=\"btn button-4 \" href=\"https:\/\/sokashipping.com\/fr\/contact\/\" aria-label=\"button link\">\r\n            <span class=\"button-text\">Nous joindre<\/span>\r\n            <span class=\"btn-round-shape\">\r\n                <i class=\" icon-arrow-right\"><\/i>            <\/span>\r\n        <\/a>\r\n\t<\/div>\t\t\t\t<\/div>\n\t\t\t\t<\/div>\n\t\t\t\t<\/div>\n\t\t\t\t\t<\/div>\n\t\t\t\t<\/div>\n\t\t\t\t<\/div>\n\t\t","protected":false},"excerpt":{"rendered":"<p>AGENCE COMPL\u00c8TE G\u00e9rer les besoins du navire et de l\u2019\u00e9quipage peut \u00eatre complexe, mais avec nous, les clients b\u00e9n\u00e9ficient d\u2019une escale portuaire fluide et rentable. Nous fournissons des services d\u2019agence maritime pour les navires en vrac, colis lourds, cargaisons g\u00e9n\u00e9rales, roulier (ro-ro) et navires de projet. Notre \u00e9quipe exp\u00e9riment\u00e9e s\u2019occupe du d\u00e9douanement du navire et [&hellip;]<\/p>\n","protected":false},"author":1,"featured_media":0,"parent":0,"menu_order":0,"comment_status":"closed","ping_status":"closed","template":"elementor_header_footer","meta":{"_monsterinsights_skip_tracking":false,"_monsterinsights_sitenote_active":false,"_monsterinsights_sitenote_note":"","_monsterinsights_sitenote_category":0,"footnotes":""},"class_list":["post-10916","page","type-page","status-publish","hentry"],"aioseo_notices":[],"_links":{"self":[{"href":"https:\/\/sokashipping.com\/fr\/wp-json\/wp\/v2\/pages\/10916","targetHints":{"allow":["GET"]}}],"collection":[{"href":"https:\/\/sokashipping.com\/fr\/wp-json\/wp\/v2\/pages"}],"about":[{"href":"https:\/\/sokashipping.com\/fr\/wp-json\/wp\/v2\/types\/page"}],"author":[{"embeddable":true,"href":"https:\/\/sokashipping.com\/fr\/wp-json\/wp\/v2\/users\/1"}],"replies":[{"embeddable":true,"href":"https:\/\/sokashipping.com\/fr\/wp-json\/wp\/v2\/comments?post=10916"}],"version-history":[{"count":36,"href":"https:\/\/sokashipping.com\/fr\/wp-json\/wp\/v2\/pages\/10916\/revisions"}],"predecessor-version":[{"id":12546,"href":"https:\/\/sokashipping.com\/fr\/wp-json\/wp\/v2\/pages\/10916\/revisions\/12546"}],"wp:attachment":[{"href":"https:\/\/sokashipping.com\/fr\/wp-json\/wp\/v2\/media?parent=10916"}],"curies":[{"name":"wp","href":"https:\/\/api.w.org\/{rel}","templated":true}]}}